{"id":378,"date":"2022-04-12T20:04:36","date_gmt":"2022-04-12T20:04:36","guid":{"rendered":"https:\/\/optitune.rs\/?page_id=378"},"modified":"2022-04-12T20:04:37","modified_gmt":"2022-04-12T20:04:37","slug":"burbles-pops-bangs","status":"publish","type":"page","link":"https:\/\/optitune.rs\/en\/burbles-pops-bangs\/","title":{"rendered":"BURBLES ( Pops &#038; Bangs )"},"content":{"rendered":"\n<p>Naziv burbles\/crackles (Pops &#038; Bangs) je u stvari \u017eargonski naziv za isklju\u010denje prekora\u010denog goriva, u osnovi pode\u0161avanjem ka\u0161njenja FCO i nekim drugim modifikacijama, mogu\u0107e je da va\u0161 automobil zvu\u010di druga\u010dije, sportsk i agresivnije. Naravno, preporu\u010dujemo da ga koristite u automobilima opremljenim specijalnom izduvnom cevi.<\/p>\n","protected":false},"excerpt":{"rendered":"<p>Naziv burbles\/crackles (Pops &#038; Bangs) je u stvari \u017eargonski naziv za isklju\u010denje prekora\u010denog goriva, u osnovi pode\u0161avanjem ka\u0161njenja FCO i nekim drugim modifikacijama, mogu\u0107e je da va\u0161 automobil zvu\u010di druga\u010dije, sportsk i agresivnije. Naravno, preporu\u010dujemo da ga koristite u automobilima [&hellip;]<\/p>\n","protected":false},"author":1,"featured_media":16,"parent":0,"menu_order":0,"comment_status":"closed","ping_status":"closed","template":"page-templates\/single-service.php","meta":{"footnotes":""},"class_list":["post-378","page","type-page","status-publish","has-post-thumbnail","hentry","clearfix"],"_links":{"self":[{"href":"https:\/\/optitune.rs\/en\/wp-json\/wp\/v2\/pages\/378","targetHints":{"allow":["GET"]}}],"collection":[{"href":"https:\/\/optitune.rs\/en\/wp-json\/wp\/v2\/pages"}],"about":[{"href":"https:\/\/optitune.rs\/en\/wp-json\/wp\/v2\/types\/page"}],"author":[{"embeddable":true,"href":"https:\/\/optitune.rs\/en\/wp-json\/wp\/v2\/users\/1"}],"replies":[{"embeddable":true,"href":"https:\/\/optitune.rs\/en\/wp-json\/wp\/v2\/comments?post=378"}],"version-history":[{"count":1,"href":"https:\/\/optitune.rs\/en\/wp-json\/wp\/v2\/pages\/378\/revisions"}],"predecessor-version":[{"id":379,"href":"https:\/\/optitune.rs\/en\/wp-json\/wp\/v2\/pages\/378\/revisions\/379"}],"wp:featuredmedia":[{"embeddable":true,"href":"https:\/\/optitune.rs\/en\/wp-json\/wp\/v2\/media\/16"}],"wp:attachment":[{"href":"https:\/\/optitune.rs\/en\/wp-json\/wp\/v2\/media?parent=378"}],"curies":[{"name":"wp","href":"https:\/\/api.w.org\/{rel}","templated":true}]}}