{"id":376,"date":"2022-04-12T20:04:08","date_gmt":"2022-04-12T20:04:08","guid":{"rendered":"https:\/\/optitune.rs\/?page_id=376"},"modified":"2022-04-12T20:04:09","modified_gmt":"2022-04-12T20:04:09","slug":"evap-off","status":"publish","type":"page","link":"https:\/\/optitune.rs\/en\/evap-off\/","title":{"rendered":"EVAP OFF"},"content":{"rendered":"\n<p>EVAP(The Evaporative Emission Control System) Sistem za kontrolu emisije isparenja se koristi da spre\u010di isparenja benzina u atmosferu iz rezervoara za gorivo i sistema za gorivo. Naj\u010de\u0161\u0107i problem sa EVAP kanisterom je neispravna kontrola pra\u017enjenja koja izaziva ozbiljne probleme. Softverska deaktivacija ovog sistema u kombinaciji sa EVAP sistemom spremnosti, vozilo ne\u0107e imati nikakve gre\u0161ke.<\/p>\n","protected":false},"excerpt":{"rendered":"<p>EVAP(The Evaporative Emission Control System) Sistem za kontrolu emisije isparenja se koristi da spre\u010di isparenja benzina u atmosferu iz rezervoara za gorivo i sistema za gorivo. Naj\u010de\u0161\u0107i problem sa EVAP kanisterom je neispravna kontrola pra\u017enjenja koja izaziva ozbiljne probleme. Softverska [&hellip;]<\/p>\n","protected":false},"author":1,"featured_media":16,"parent":0,"menu_order":0,"comment_status":"closed","ping_status":"closed","template":"page-templates\/single-service.php","meta":{"footnotes":""},"class_list":["post-376","page","type-page","status-publish","has-post-thumbnail","hentry","clearfix"],"_links":{"self":[{"href":"https:\/\/optitune.rs\/en\/wp-json\/wp\/v2\/pages\/376","targetHints":{"allow":["GET"]}}],"collection":[{"href":"https:\/\/optitune.rs\/en\/wp-json\/wp\/v2\/pages"}],"about":[{"href":"https:\/\/optitune.rs\/en\/wp-json\/wp\/v2\/types\/page"}],"author":[{"embeddable":true,"href":"https:\/\/optitune.rs\/en\/wp-json\/wp\/v2\/users\/1"}],"replies":[{"embeddable":true,"href":"https:\/\/optitune.rs\/en\/wp-json\/wp\/v2\/comments?post=376"}],"version-history":[{"count":1,"href":"https:\/\/optitune.rs\/en\/wp-json\/wp\/v2\/pages\/376\/revisions"}],"predecessor-version":[{"id":377,"href":"https:\/\/optitune.rs\/en\/wp-json\/wp\/v2\/pages\/376\/revisions\/377"}],"wp:featuredmedia":[{"embeddable":true,"href":"https:\/\/optitune.rs\/en\/wp-json\/wp\/v2\/media\/16"}],"wp:attachment":[{"href":"https:\/\/optitune.rs\/en\/wp-json\/wp\/v2\/media?parent=376"}],"curies":[{"name":"wp","href":"https:\/\/api.w.org\/{rel}","templated":true}]}}