{"id":374,"date":"2022-04-12T20:03:45","date_gmt":"2022-04-12T20:03:45","guid":{"rendered":"https:\/\/optitune.rs\/?page_id=374"},"modified":"2022-04-12T20:03:46","modified_gmt":"2022-04-12T20:03:46","slug":"exhaust-flap-off","status":"publish","type":"page","link":"https:\/\/optitune.rs\/en\/exhaust-flap-off\/","title":{"rendered":"Exhaust Flap OFF"},"content":{"rendered":"\n<p>(Exhaust Flap) Izduvni poklopac je ventil instaliran na zavr\u0161nom prigu\u0161iva\u010du i najve\u0107i cilj ovog dela je smanjenje buke u uslovima hladnog starta. Kada se primeni Exhaust Flap OFF, ventil \u0107e biti otvoren u bilo kom stanju. Ovo je tako\u0111e va\u017ee\u0107a opcija kada se ukloni zavr\u0161ni prigu\u0161iva\u010d. U nekim VAG vozilima, ovaj ventil se tako\u0111e kontroli\u0161e izborom sportskog re\u017eima.<\/p>\n","protected":false},"excerpt":{"rendered":"<p>(Exhaust Flap) Izduvni poklopac je ventil instaliran na zavr\u0161nom prigu\u0161iva\u010du i najve\u0107i cilj ovog dela je smanjenje buke u uslovima hladnog starta. Kada se primeni Exhaust Flap OFF, ventil \u0107e biti otvoren u bilo kom stanju. Ovo je tako\u0111e va\u017ee\u0107a [&hellip;]<\/p>\n","protected":false},"author":1,"featured_media":16,"parent":0,"menu_order":0,"comment_status":"closed","ping_status":"closed","template":"page-templates\/single-service.php","meta":{"footnotes":""},"class_list":["post-374","page","type-page","status-publish","has-post-thumbnail","hentry","clearfix"],"_links":{"self":[{"href":"https:\/\/optitune.rs\/en\/wp-json\/wp\/v2\/pages\/374","targetHints":{"allow":["GET"]}}],"collection":[{"href":"https:\/\/optitune.rs\/en\/wp-json\/wp\/v2\/pages"}],"about":[{"href":"https:\/\/optitune.rs\/en\/wp-json\/wp\/v2\/types\/page"}],"author":[{"embeddable":true,"href":"https:\/\/optitune.rs\/en\/wp-json\/wp\/v2\/users\/1"}],"replies":[{"embeddable":true,"href":"https:\/\/optitune.rs\/en\/wp-json\/wp\/v2\/comments?post=374"}],"version-history":[{"count":1,"href":"https:\/\/optitune.rs\/en\/wp-json\/wp\/v2\/pages\/374\/revisions"}],"predecessor-version":[{"id":375,"href":"https:\/\/optitune.rs\/en\/wp-json\/wp\/v2\/pages\/374\/revisions\/375"}],"wp:featuredmedia":[{"embeddable":true,"href":"https:\/\/optitune.rs\/en\/wp-json\/wp\/v2\/media\/16"}],"wp:attachment":[{"href":"https:\/\/optitune.rs\/en\/wp-json\/wp\/v2\/media?parent=374"}],"curies":[{"name":"wp","href":"https:\/\/api.w.org\/{rel}","templated":true}]}}