{"id":372,"date":"2022-04-12T20:03:26","date_gmt":"2022-04-12T20:03:26","guid":{"rendered":"https:\/\/optitune.rs\/?page_id=372"},"modified":"2022-04-12T20:03:27","modified_gmt":"2022-04-12T20:03:27","slug":"sap-off","status":"publish","type":"page","link":"https:\/\/optitune.rs\/en\/sap-off\/","title":{"rendered":"SAP OFF"},"content":{"rendered":"\n<p>SAP (The secondary air injection system) Sistem za ubrizgavanje sekundarnog vazduha je tu da pomogne u \u010di\u0161\u0107enju ostataka na izduvnim gasovima. Preko ventila koji pumpa sve\u017e vazduh iz ulaznog razvodnika i \u0161alje ga direktno u izduv. Glavni problem je u tome \u0161to sam ventil, uz tako naporan rad, ima tendenciju da propadne. Uz softversku deaktivaciju SAP sistema mo\u017eemo izbrisati ovu komponentu bez sekundarnih problema.<\/p>\n","protected":false},"excerpt":{"rendered":"<p>SAP (The secondary air injection system) Sistem za ubrizgavanje sekundarnog vazduha je tu da pomogne u \u010di\u0161\u0107enju ostataka na izduvnim gasovima. Preko ventila koji pumpa sve\u017e vazduh iz ulaznog razvodnika i \u0161alje ga direktno u izduv. Glavni problem je u [&hellip;]<\/p>\n","protected":false},"author":1,"featured_media":16,"parent":0,"menu_order":0,"comment_status":"closed","ping_status":"closed","template":"page-templates\/single-service.php","meta":{"footnotes":""},"class_list":["post-372","page","type-page","status-publish","has-post-thumbnail","hentry","clearfix"],"_links":{"self":[{"href":"https:\/\/optitune.rs\/en\/wp-json\/wp\/v2\/pages\/372","targetHints":{"allow":["GET"]}}],"collection":[{"href":"https:\/\/optitune.rs\/en\/wp-json\/wp\/v2\/pages"}],"about":[{"href":"https:\/\/optitune.rs\/en\/wp-json\/wp\/v2\/types\/page"}],"author":[{"embeddable":true,"href":"https:\/\/optitune.rs\/en\/wp-json\/wp\/v2\/users\/1"}],"replies":[{"embeddable":true,"href":"https:\/\/optitune.rs\/en\/wp-json\/wp\/v2\/comments?post=372"}],"version-history":[{"count":1,"href":"https:\/\/optitune.rs\/en\/wp-json\/wp\/v2\/pages\/372\/revisions"}],"predecessor-version":[{"id":373,"href":"https:\/\/optitune.rs\/en\/wp-json\/wp\/v2\/pages\/372\/revisions\/373"}],"wp:featuredmedia":[{"embeddable":true,"href":"https:\/\/optitune.rs\/en\/wp-json\/wp\/v2\/media\/16"}],"wp:attachment":[{"href":"https:\/\/optitune.rs\/en\/wp-json\/wp\/v2\/media?parent=372"}],"curies":[{"name":"wp","href":"https:\/\/api.w.org\/{rel}","templated":true}]}}