{"id":370,"date":"2022-04-12T20:02:58","date_gmt":"2022-04-12T20:02:58","guid":{"rendered":"https:\/\/optitune.rs\/?page_id=370"},"modified":"2022-04-12T20:02:59","modified_gmt":"2022-04-12T20:02:59","slug":"ags-off","status":"publish","type":"page","link":"https:\/\/optitune.rs\/en\/ags-off\/","title":{"rendered":"AGS OFF"},"content":{"rendered":"\n<p>AGS (The Active Grille Shutter) je mehatroni\u010dki sistem koji obavlja klju\u010dnu funkciju selektivnog dopu\u0161tanja ili ograni\u010davanja protoka vazduha sa automatskim otvaranjem i zatvaranjem roletni na osnovu potreba u stvarnom vremenu. <\/p>\n\n\n\n<p>Naj\u010de\u0161\u0107i problem je gre\u0161ka aktuatora ili potreba za uklanjanjem celog sistema kako bi se stvorio prostor za nadogradnju intercoolera. Kada se to dogodi, vozilo daje MIL upozorenje na probleme vezane uz upravljanje sistemom roletni. AGS OFF resenjem taj sistem ne\u0107e davati nikakva upozorenja o kvaru.<\/p>\n","protected":false},"excerpt":{"rendered":"<p>AGS (The Active Grille Shutter) je mehatroni\u010dki sistem koji obavlja klju\u010dnu funkciju selektivnog dopu\u0161tanja ili ograni\u010davanja protoka vazduha sa automatskim otvaranjem i zatvaranjem roletni na osnovu potreba u stvarnom vremenu. Naj\u010de\u0161\u0107i problem je gre\u0161ka aktuatora ili potreba za uklanjanjem celog [&hellip;]<\/p>\n","protected":false},"author":1,"featured_media":16,"parent":0,"menu_order":0,"comment_status":"closed","ping_status":"closed","template":"page-templates\/single-service.php","meta":{"footnotes":""},"class_list":["post-370","page","type-page","status-publish","has-post-thumbnail","hentry","clearfix"],"_links":{"self":[{"href":"https:\/\/optitune.rs\/en\/wp-json\/wp\/v2\/pages\/370","targetHints":{"allow":["GET"]}}],"collection":[{"href":"https:\/\/optitune.rs\/en\/wp-json\/wp\/v2\/pages"}],"about":[{"href":"https:\/\/optitune.rs\/en\/wp-json\/wp\/v2\/types\/page"}],"author":[{"embeddable":true,"href":"https:\/\/optitune.rs\/en\/wp-json\/wp\/v2\/users\/1"}],"replies":[{"embeddable":true,"href":"https:\/\/optitune.rs\/en\/wp-json\/wp\/v2\/comments?post=370"}],"version-history":[{"count":1,"href":"https:\/\/optitune.rs\/en\/wp-json\/wp\/v2\/pages\/370\/revisions"}],"predecessor-version":[{"id":371,"href":"https:\/\/optitune.rs\/en\/wp-json\/wp\/v2\/pages\/370\/revisions\/371"}],"wp:featuredmedia":[{"embeddable":true,"href":"https:\/\/optitune.rs\/en\/wp-json\/wp\/v2\/media\/16"}],"wp:attachment":[{"href":"https:\/\/optitune.rs\/en\/wp-json\/wp\/v2\/media?parent=370"}],"curies":[{"name":"wp","href":"https:\/\/api.w.org\/{rel}","templated":true}]}}