{"id":366,"date":"2022-04-12T20:02:04","date_gmt":"2022-04-12T20:02:04","guid":{"rendered":"https:\/\/optitune.rs\/?page_id=366"},"modified":"2022-04-12T20:02:04","modified_gmt":"2022-04-12T20:02:04","slug":"hot-start-fix","status":"publish","type":"page","link":"https:\/\/optitune.rs\/en\/hot-start-fix\/","title":{"rendered":"HOT Start Fix"},"content":{"rendered":"\n<p>Kao \u0161to znamo nakon nekog vremena kori\u0161<\/p>\n\n\n\n<p>enja i odra\u0111enih KM, neki automobili imaju problem s vru\u0107im startom i motor tada vi\u0161e puta okre\u0107e nego \u0161to se prie okretao, da bi se auto upalio, problemi dolaze nakon ovoga u akumulatoru (to \u0107e puno br\u017ee isprazniti akumlator) i prouzrokova\u0107e probleme sa starterom i svi povezani delovi \u0107e tako\u0111er biti pogo\u0111eni. Pode\u0161avanjem softvera ovaj problem mo\u017eemo ukloniti da se u budu\u0107nosti ne poljavljuje, \u010dime se va\u0161 automobil \u0161titi od novih problema.<\/p>\n","protected":false},"excerpt":{"rendered":"<p>Kao \u0161to znamo nakon nekog vremena kori\u0161 enja i odra\u0111enih KM, neki automobili imaju problem s vru\u0107im startom i motor tada vi\u0161e puta okre\u0107e nego \u0161to se prie okretao, da bi se auto upalio, problemi dolaze nakon ovoga u akumulatoru [&hellip;]<\/p>\n","protected":false},"author":1,"featured_media":16,"parent":0,"menu_order":0,"comment_status":"closed","ping_status":"closed","template":"page-templates\/single-service.php","meta":{"footnotes":""},"class_list":["post-366","page","type-page","status-publish","has-post-thumbnail","hentry","clearfix"],"_links":{"self":[{"href":"https:\/\/optitune.rs\/en\/wp-json\/wp\/v2\/pages\/366","targetHints":{"allow":["GET"]}}],"collection":[{"href":"https:\/\/optitune.rs\/en\/wp-json\/wp\/v2\/pages"}],"about":[{"href":"https:\/\/optitune.rs\/en\/wp-json\/wp\/v2\/types\/page"}],"author":[{"embeddable":true,"href":"https:\/\/optitune.rs\/en\/wp-json\/wp\/v2\/users\/1"}],"replies":[{"embeddable":true,"href":"https:\/\/optitune.rs\/en\/wp-json\/wp\/v2\/comments?post=366"}],"version-history":[{"count":1,"href":"https:\/\/optitune.rs\/en\/wp-json\/wp\/v2\/pages\/366\/revisions"}],"predecessor-version":[{"id":367,"href":"https:\/\/optitune.rs\/en\/wp-json\/wp\/v2\/pages\/366\/revisions\/367"}],"wp:featuredmedia":[{"embeddable":true,"href":"https:\/\/optitune.rs\/en\/wp-json\/wp\/v2\/media\/16"}],"wp:attachment":[{"href":"https:\/\/optitune.rs\/en\/wp-json\/wp\/v2\/media?parent=366"}],"curies":[{"name":"wp","href":"https:\/\/api.w.org\/{rel}","templated":true}]}}