{"id":360,"date":"2022-04-12T20:00:17","date_gmt":"2022-04-12T20:00:17","guid":{"rendered":"https:\/\/optitune.rs\/?page_id=360"},"modified":"2022-04-12T20:00:17","modified_gmt":"2022-04-12T20:00:17","slug":"start-stop-off","status":"publish","type":"page","link":"https:\/\/optitune.rs\/en\/start-stop-off\/","title":{"rendered":"Start Stop OFF"},"content":{"rendered":"\n<p>Start Stop sistem svi znaju da ponekad start\/stop mo\u017ee biti vrlo dosadan, jer svaki put kada se vozi automobil mora biti isklju\u010den kako bi se izbeglo da se automobil sam isklju\u010di. Nudimo softverku deaktivaciju Start Stop sistema na taj na\u010din Start Stop funkcija ostaje neaktivna tako da \u0107e se automobil celo vreme pona\u0161ati kao &#8220;normalno&#8221;, a voza\u010d se vi\u0161e ne treba brinuti kako bi onemogu\u0107io ovu funkciju.<\/p>\n","protected":false},"excerpt":{"rendered":"<p>Start Stop sistem svi znaju da ponekad start\/stop mo\u017ee biti vrlo dosadan, jer svaki put kada se vozi automobil mora biti isklju\u010den kako bi se izbeglo da se automobil sam isklju\u010di. Nudimo softverku deaktivaciju Start Stop sistema na taj na\u010din [&hellip;]<\/p>\n","protected":false},"author":1,"featured_media":16,"parent":0,"menu_order":0,"comment_status":"closed","ping_status":"closed","template":"page-templates\/single-service.php","meta":{"footnotes":""},"class_list":["post-360","page","type-page","status-publish","has-post-thumbnail","hentry","clearfix"],"_links":{"self":[{"href":"https:\/\/optitune.rs\/en\/wp-json\/wp\/v2\/pages\/360","targetHints":{"allow":["GET"]}}],"collection":[{"href":"https:\/\/optitune.rs\/en\/wp-json\/wp\/v2\/pages"}],"about":[{"href":"https:\/\/optitune.rs\/en\/wp-json\/wp\/v2\/types\/page"}],"author":[{"embeddable":true,"href":"https:\/\/optitune.rs\/en\/wp-json\/wp\/v2\/users\/1"}],"replies":[{"embeddable":true,"href":"https:\/\/optitune.rs\/en\/wp-json\/wp\/v2\/comments?post=360"}],"version-history":[{"count":1,"href":"https:\/\/optitune.rs\/en\/wp-json\/wp\/v2\/pages\/360\/revisions"}],"predecessor-version":[{"id":361,"href":"https:\/\/optitune.rs\/en\/wp-json\/wp\/v2\/pages\/360\/revisions\/361"}],"wp:featuredmedia":[{"embeddable":true,"href":"https:\/\/optitune.rs\/en\/wp-json\/wp\/v2\/media\/16"}],"wp:attachment":[{"href":"https:\/\/optitune.rs\/en\/wp-json\/wp\/v2\/media?parent=360"}],"curies":[{"name":"wp","href":"https:\/\/api.w.org\/{rel}","templated":true}]}}