{"id":357,"date":"2022-04-12T19:59:13","date_gmt":"2022-04-12T19:59:13","guid":{"rendered":"https:\/\/optitune.rs\/?page_id=357"},"modified":"2022-04-12T19:59:14","modified_gmt":"2022-04-12T19:59:14","slug":"flaps-off","status":"publish","type":"page","link":"https:\/\/optitune.rs\/en\/flaps-off\/","title":{"rendered":"Flaps OFF"},"content":{"rendered":"\n<p>Swirl flaps su klapne u usisnoj grani. Znaju\u0107i da neki automobili imaju problem sa Flaps \/ Swirl i da su troskovi popravke visoki, \u0161to se naj\u010de\u0161\u0107e vi\u0111a na nekim automobilima grupe VAG, nudimo softversku deaktivaciju klapne kako bi se izbegle skupe popravke na vozilu.<\/p>\n","protected":false},"excerpt":{"rendered":"<p>Swirl flaps su klapne u usisnoj grani. Znaju\u0107i da neki automobili imaju problem sa Flaps \/ Swirl i da su troskovi popravke visoki, \u0161to se naj\u010de\u0161\u0107e vi\u0111a na nekim automobilima grupe VAG, nudimo softversku deaktivaciju klapne kako bi se izbegle [&hellip;]<\/p>\n","protected":false},"author":1,"featured_media":16,"parent":0,"menu_order":0,"comment_status":"closed","ping_status":"closed","template":"page-templates\/single-service.php","meta":{"footnotes":""},"class_list":["post-357","page","type-page","status-publish","has-post-thumbnail","hentry","clearfix"],"_links":{"self":[{"href":"https:\/\/optitune.rs\/en\/wp-json\/wp\/v2\/pages\/357","targetHints":{"allow":["GET"]}}],"collection":[{"href":"https:\/\/optitune.rs\/en\/wp-json\/wp\/v2\/pages"}],"about":[{"href":"https:\/\/optitune.rs\/en\/wp-json\/wp\/v2\/types\/page"}],"author":[{"embeddable":true,"href":"https:\/\/optitune.rs\/en\/wp-json\/wp\/v2\/users\/1"}],"replies":[{"embeddable":true,"href":"https:\/\/optitune.rs\/en\/wp-json\/wp\/v2\/comments?post=357"}],"version-history":[{"count":1,"href":"https:\/\/optitune.rs\/en\/wp-json\/wp\/v2\/pages\/357\/revisions"}],"predecessor-version":[{"id":358,"href":"https:\/\/optitune.rs\/en\/wp-json\/wp\/v2\/pages\/357\/revisions\/358"}],"wp:featuredmedia":[{"embeddable":true,"href":"https:\/\/optitune.rs\/en\/wp-json\/wp\/v2\/media\/16"}],"wp:attachment":[{"href":"https:\/\/optitune.rs\/en\/wp-json\/wp\/v2\/media?parent=357"}],"curies":[{"name":"wp","href":"https:\/\/api.w.org\/{rel}","templated":true}]}}