{"id":349,"date":"2022-03-21T21:03:55","date_gmt":"2022-03-21T21:03:55","guid":{"rendered":"https:\/\/optitune.rs\/?page_id=349"},"modified":"2022-03-21T21:04:16","modified_gmt":"2022-03-21T21:04:16","slug":"kat-off","status":"publish","type":"page","link":"https:\/\/optitune.rs\/en\/kat-off\/","title":{"rendered":"KAT OFF"},"content":{"rendered":"\n<p>Lambda\/O2 senzor \u0161alje informacije motornom ra\u010dunaru o sme\u0161i goriva kako bi se odredio najbolji odnos goriva i vazduha kako ne bi doslo do velike potrosnje ili do pregrevanja katalizatora. <\/p>\n\n\n\n<p>\u010cesto dolazi do kvara na senzorima, pa motorni ra\u010dunar nije u mogu\u0107nosti da odredi najbolji odnos goriva i vazduha. Kako bi izbegli velike i skupe kvarove re\u0161enje je softverska deaktivacija Lambda\/O2 senzora. U slu\u010daju da se ugradi novi (sportski) izduv potrebno je uraditi KAT OFF.<\/p>\n","protected":false},"excerpt":{"rendered":"<p>Lambda\/O2 senzor \u0161alje informacije motornom ra\u010dunaru o sme\u0161i goriva kako bi se odredio najbolji odnos goriva i vazduha kako ne bi doslo do velike potrosnje ili do pregrevanja katalizatora. \u010cesto dolazi do kvara na senzorima, pa motorni ra\u010dunar nije u [&hellip;]<\/p>\n","protected":false},"author":1,"featured_media":15,"parent":0,"menu_order":0,"comment_status":"closed","ping_status":"closed","template":"page-templates\/single-service.php","meta":{"footnotes":""},"class_list":["post-349","page","type-page","status-publish","has-post-thumbnail","hentry","clearfix"],"_links":{"self":[{"href":"https:\/\/optitune.rs\/en\/wp-json\/wp\/v2\/pages\/349","targetHints":{"allow":["GET"]}}],"collection":[{"href":"https:\/\/optitune.rs\/en\/wp-json\/wp\/v2\/pages"}],"about":[{"href":"https:\/\/optitune.rs\/en\/wp-json\/wp\/v2\/types\/page"}],"author":[{"embeddable":true,"href":"https:\/\/optitune.rs\/en\/wp-json\/wp\/v2\/users\/1"}],"replies":[{"embeddable":true,"href":"https:\/\/optitune.rs\/en\/wp-json\/wp\/v2\/comments?post=349"}],"version-history":[{"count":1,"href":"https:\/\/optitune.rs\/en\/wp-json\/wp\/v2\/pages\/349\/revisions"}],"predecessor-version":[{"id":350,"href":"https:\/\/optitune.rs\/en\/wp-json\/wp\/v2\/pages\/349\/revisions\/350"}],"wp:featuredmedia":[{"embeddable":true,"href":"https:\/\/optitune.rs\/en\/wp-json\/wp\/v2\/media\/15"}],"wp:attachment":[{"href":"https:\/\/optitune.rs\/en\/wp-json\/wp\/v2\/media?parent=349"}],"curies":[{"name":"wp","href":"https:\/\/api.w.org\/{rel}","templated":true}]}}