{"id":116,"date":"2016-02-16T15:05:20","date_gmt":"2016-02-16T15:05:20","guid":{"rendered":"http:\/\/demo.athemes.com\/astrid\/?page_id=116"},"modified":"2022-03-21T21:02:29","modified_gmt":"2022-03-21T21:02:29","slug":"ad-blue-off","status":"publish","type":"page","link":"https:\/\/optitune.rs\/en\/ad-blue-off\/","title":{"rendered":"AdBlue OFF"},"content":{"rendered":"<p><span lang=\"sr-RS\">Sistem AdBlue-a slu\u017ei kao unapre\u0111eni i bezbedniji sistem za regeneraciju DPF filtera. Sistem ubrizgava AdBlue aditiv koji sa sagorevanjem u DPF filteru obavlja \u010di\u0161\u0107enje tj. regeneraciju DPF filtera.<\/span><\/p>\n<p>AdBlue sistem se vrlo brzo kvari I dolazi do toga da se vozilo vise ne pokre\u0107e. <span lang=\"de-DE\">Popravka sistema je vrlo skupa I nema garancije da se ponovo ne\u0107e pojaviti isti problem u kratkom vremenskom intervalu. Trajno I najisplatljivije re\u0161enje je softerska deaktivacija AdBlue Sistema.<\/span><\/p>\n","protected":false},"excerpt":{"rendered":"<p>Sistem AdBlue-a slu\u017ei kao unapre\u0111eni i bezbedniji sistem za regeneraciju DPF filtera. Sistem ubrizgava AdBlue aditiv koji sa sagorevanjem u DPF filteru obavlja \u010di\u0161\u0107enje tj. regeneraciju DPF filtera. AdBlue sistem se vrlo brzo kvari I dolazi do toga da se [&hellip;]<\/p>\n","protected":false},"author":1,"featured_media":15,"parent":0,"menu_order":0,"comment_status":"closed","ping_status":"closed","template":"page-templates\/single-service.php","meta":{"footnotes":""},"class_list":["post-116","page","type-page","status-publish","has-post-thumbnail","hentry","clearfix"],"_links":{"self":[{"href":"https:\/\/optitune.rs\/en\/wp-json\/wp\/v2\/pages\/116","targetHints":{"allow":["GET"]}}],"collection":[{"href":"https:\/\/optitune.rs\/en\/wp-json\/wp\/v2\/pages"}],"about":[{"href":"https:\/\/optitune.rs\/en\/wp-json\/wp\/v2\/types\/page"}],"author":[{"embeddable":true,"href":"https:\/\/optitune.rs\/en\/wp-json\/wp\/v2\/users\/1"}],"replies":[{"embeddable":true,"href":"https:\/\/optitune.rs\/en\/wp-json\/wp\/v2\/comments?post=116"}],"version-history":[{"count":1,"href":"https:\/\/optitune.rs\/en\/wp-json\/wp\/v2\/pages\/116\/revisions"}],"predecessor-version":[{"id":348,"href":"https:\/\/optitune.rs\/en\/wp-json\/wp\/v2\/pages\/116\/revisions\/348"}],"wp:featuredmedia":[{"embeddable":true,"href":"https:\/\/optitune.rs\/en\/wp-json\/wp\/v2\/media\/15"}],"wp:attachment":[{"href":"https:\/\/optitune.rs\/en\/wp-json\/wp\/v2\/media?parent=116"}],"curies":[{"name":"wp","href":"https:\/\/api.w.org\/{rel}","templated":true}]}}