{"id":114,"date":"2016-02-16T15:04:24","date_gmt":"2016-02-16T15:04:24","guid":{"rendered":"http:\/\/demo.athemes.com\/astrid\/?page_id=114"},"modified":"2022-03-21T21:01:34","modified_gmt":"2022-03-21T21:01:34","slug":"back-to-stock","status":"publish","type":"page","link":"https:\/\/optitune.rs\/en\/back-to-stock\/","title":{"rendered":"Back to stock"},"content":{"rendered":"<p><span lang=\"sr-RS\">Back to stock \/ Nazad na fabri\u010dku zalihu, u slu\u010daju da se u centralnom ra\u010dunaru ( ECU ) nalazi modifikovani softver sa kojim vozilo ne radi dobro ili niste zadovoljni dobijenim rezultatima posle chip tuninga u ve\u0107ini slu\u010dajeva se moze vratiti fabri\u010dki( originalni ) softver u centralni ra\u010dunar ( ECU ). <\/span><\/p>\n<p><span lang=\"sr-RS\">\u010cesto se de\u0161ava da je prethodni vlasnik vozila deaktivirao neki od sistema npr. EGR, DPF, itd&#8230; a Vi \u017eelite da popravite kvar, nije dovoljno samo mehani\u010dki zameniti komponente, potrebno je ponovo aktivirati sistem u softveru centralnog kompjutera ( ECU ) vozila. <\/span><\/p>\n","protected":false},"excerpt":{"rendered":"<p>Back to stock \/ Nazad na fabri\u010dku zalihu, u slu\u010daju da se u centralnom ra\u010dunaru ( ECU ) nalazi modifikovani softver sa kojim vozilo ne radi dobro ili niste zadovoljni dobijenim rezultatima posle chip tuninga u ve\u0107ini slu\u010dajeva se moze [&hellip;]<\/p>\n","protected":false},"author":1,"featured_media":15,"parent":0,"menu_order":0,"comment_status":"closed","ping_status":"closed","template":"page-templates\/single-service.php","meta":{"footnotes":""},"class_list":["post-114","page","type-page","status-publish","has-post-thumbnail","hentry","clearfix"],"_links":{"self":[{"href":"https:\/\/optitune.rs\/en\/wp-json\/wp\/v2\/pages\/114","targetHints":{"allow":["GET"]}}],"collection":[{"href":"https:\/\/optitune.rs\/en\/wp-json\/wp\/v2\/pages"}],"about":[{"href":"https:\/\/optitune.rs\/en\/wp-json\/wp\/v2\/types\/page"}],"author":[{"embeddable":true,"href":"https:\/\/optitune.rs\/en\/wp-json\/wp\/v2\/users\/1"}],"replies":[{"embeddable":true,"href":"https:\/\/optitune.rs\/en\/wp-json\/wp\/v2\/comments?post=114"}],"version-history":[{"count":1,"href":"https:\/\/optitune.rs\/en\/wp-json\/wp\/v2\/pages\/114\/revisions"}],"predecessor-version":[{"id":347,"href":"https:\/\/optitune.rs\/en\/wp-json\/wp\/v2\/pages\/114\/revisions\/347"}],"wp:featuredmedia":[{"embeddable":true,"href":"https:\/\/optitune.rs\/en\/wp-json\/wp\/v2\/media\/15"}],"wp:attachment":[{"href":"https:\/\/optitune.rs\/en\/wp-json\/wp\/v2\/media?parent=114"}],"curies":[{"name":"wp","href":"https:\/\/api.w.org\/{rel}","templated":true}]}}